{"id":6,"date":"2021-01-16T23:45:43","date_gmt":"2021-01-16T23:45:43","guid":{"rendered":"https:\/\/www.visuel.ro\/beautyacademy\/?page_id=6"},"modified":"2021-01-17T20:25:46","modified_gmt":"2021-01-17T20:25:46","slug":"inregistrare-gratuita","status":"publish","type":"page","link":"https:\/\/www.visuel.ro\/beautyacademy\/inregistrare-gratuita\/","title":{"rendered":"\u00cenregistrare gratuit\u0103"},"content":{"rendered":"\n<form method=\"post\" enctype=\"multipart\/form-data\">\n\n    \n\t<input type=\"hidden\" id=\"_tutor_nonce\" name=\"_tutor_nonce\" value=\"c6d7e20187\" \/><input type=\"hidden\" name=\"_wp_http_referer\" value=\"\/beautyacademy\/wp-json\/wp\/v2\/pages\/6\" \/>    <input type=\"hidden\" value=\"tutor_register_instructor\" name=\"tutor_action\"\/>\n\n    \n    <div class=\"tutor-form-row\">\n        <div class=\"tutor-form-col-6\">\n            <div class=\"tutor-form-group\">\n                <label>\n\t\t\t\t\tPrenume                <\/label>\n\n                <input type=\"text\" name=\"first_name\" value=\"\" placeholder=\"Prenume\">\n            <\/div>\n        <\/div>\n\n        <div class=\"tutor-form-col-6\">\n            <div class=\"tutor-form-group\">\n                <label>\n\t\t\t\t\tNume                <\/label>\n\n                <input type=\"text\" name=\"last_name\" value=\"\" placeholder=\"Nume\">\n            <\/div>\n        <\/div>\n\n\n    <\/div>\n\n    <div class=\"tutor-form-row\">\n\n        <div class=\"tutor-form-col-6\">\n            <div class=\"tutor-form-group\">\n                <label>\n\t\t\t\t    Nume utilizator                <\/label>\n\n                <input type=\"text\" name=\"user_login\" class=\"tutor_user_name\" value=\"\" placeholder=\"Nume utilizator\">\n            <\/div>\n        <\/div>\n\n        <div class=\"tutor-form-col-6\">\n            <div class=\"tutor-form-group\">\n                <label>\n\t\t\t\t\tEmail                <\/label>\n\n                <input type=\"text\" name=\"email\" value=\"\" placeholder=\"Email\">\n            <\/div>\n        <\/div>\n\n    <\/div>\n\n    <div class=\"tutor-form-row\">\n        <div class=\"tutor-form-col-6\">\n            <div class=\"tutor-form-group\">\n                <label>\n\t\t\t\t\tParol\u0103                <\/label>\n\n                <input type=\"password\" name=\"password\" value=\"\" placeholder=\"Parol\u0103\">\n            <\/div>\n        <\/div>\n\n        <div class=\"tutor-form-col-6\">\n            <div class=\"tutor-form-group\">\n                <label>\n\t\t\t\t\tConfirmare parol\u0103                <\/label>\n\n                <input type=\"password\" name=\"password_confirmation\" value=\"\" placeholder=\"Confirmare parol\u0103\">\n            <\/div>\n        <\/div>\n    <\/div>\n\n    <div class=\"tutor-form-row\">\n        <div class=\"tutor-form-col-12\">\n            <div class=\"tutor-form-group\">\n                            <\/div>\n        <\/div>\n    <\/div> \n\n    \n    <div class=\"tutor-form-row\">\n        <div class=\"tutor-form-col-12\">\n            <div class=\"tutor-form-group tutor-reg-form-btn-wrap\">\n                <button type=\"submit\" name=\"tutor_register_instructor_btn\" value=\"register\" class=\"tutor-button\">\u00cenregistreaz\u0103-te ca instructor<\/button>\n            <\/div>\n        <\/div>\n    <\/div>\n\n<\/form>\n\n","protected":false},"excerpt":{"rendered":"<p>Prenume Nume Nume utilizator Email Parol\u0103 Confirmare parol\u0103 \u00cenregistreaz\u0103-te ca instructor<\/p>\n","protected":false},"author":1,"featured_media":0,"parent":0,"menu_order":0,"comment_status":"closed","ping_status":"closed","template":"","meta":{"pmpro_default_level":0,"footnotes":""},"class_list":["post-6","page","type-page","status-publish","hentry","pmpro-has-access","post-no-thumbnail"],"_links":{"self":[{"href":"https:\/\/www.visuel.ro\/beautyacademy\/wp-json\/wp\/v2\/pages\/6","targetHints":{"allow":["GET"]}}],"collection":[{"href":"https:\/\/www.visuel.ro\/beautyacademy\/wp-json\/wp\/v2\/pages"}],"about":[{"href":"https:\/\/www.visuel.ro\/beautyacademy\/wp-json\/wp\/v2\/types\/page"}],"author":[{"embeddable":true,"href":"https:\/\/www.visuel.ro\/beautyacademy\/wp-json\/wp\/v2\/users\/1"}],"replies":[{"embeddable":true,"href":"https:\/\/www.visuel.ro\/beautyacademy\/wp-json\/wp\/v2\/comments?post=6"}],"version-history":[{"count":0,"href":"https:\/\/www.visuel.ro\/beautyacademy\/wp-json\/wp\/v2\/pages\/6\/revisions"}],"wp:attachment":[{"href":"https:\/\/www.visuel.ro\/beautyacademy\/wp-json\/wp\/v2\/media?parent=6"}],"curies":[{"name":"wp","href":"https:\/\/api.w.org\/{rel}","templated":true}]}}