{"id":4558,"date":"2021-02-01T23:23:07","date_gmt":"2021-02-01T23:23:07","guid":{"rendered":"https:\/\/www.visuel.ro\/beautyacademy\/?page_id=4558"},"modified":"2021-02-01T23:23:17","modified_gmt":"2021-02-01T23:23:17","slug":"metoda-de-plata","status":"publish","type":"page","link":"https:\/\/www.visuel.ro\/beautyacademy\/metoda-de-plata\/","title":{"rendered":"Metoda de plat\u0103"},"content":{"rendered":"\n<p>Este&nbsp;<strong>facil<\/strong>&nbsp;s\u0103 pl\u0103te\u0219ti pe Visuel.ro\/beautyacademy\/.<\/p>\n\n\n\n<p>Pentru produsele achizi\u021bionate din magazinul t\u0103u preferat de produse cosmetice profesionale ai la dispozi\u021bie urm\u0103toarele modalit\u0103\u021bi de plat\u0103:<\/p>\n\n\n\n<p>1) plat\u0103 \u00een numerar\/ramburs, la livrarea coletului;<br>2) plat\u0103 online prin card bancar cu ajutorul procesatorului de pl\u0103ti&nbsp;<a href=\"https:\/\/www.mobilpay.ro\/public\/\">MobilPay<\/a><br>3) plata \u00een rate prin card bancar dac\u0103 de\u021bine\u021bi unul din cele 4 modele de carduri de mai jos.<br>4) Plata prin OP \u2013 virament bancar<\/p>\n\n\n\n<p>PLATA \u00ceN RATE (<em>f\u0103r\u0103 dob\u00e2nd\u0103!<\/em>)<\/p>\n\n\n\n<p>\u0218tim c\u0103 de cele mai multe ori \u00ee\u021bi mai lipsesc c\u00e2\u021biva lei \u0219i po\u021bi s\u0103 cumperi produsele cosmetice profesionale pe care \u021bi le dore\u0219ti.<br>\u00cen acest sens, am hot\u0103r\u00e2t s\u0103 oferim posibilitatea de a achita cump\u0103r\u0103turile din magazinul t\u0103u de cosmetice profesionale,&nbsp;Visuel.ro, \u00een rate F\u0102R\u0102 DOB\u00c2ND\u0102. Plata cu cardul \u00een rate fara dob\u00e2nd\u0103 este valabil\u0103 pentu posesorii cardurilor emise de:<\/p>\n\n\n\n<ul class=\"wp-block-list\"><li><strong>Credit Europe Bank<\/strong><\/li><li><strong>Banca Transilvania<\/strong><\/li><li><strong>Garanti Bank<\/strong><\/li><li><strong>Alpha Bank<\/strong><\/li><\/ul>\n\n\n\n<p>CUM PL\u0102TE\u0218TI \u00ceN \u00ceN RATE (<em>f\u0103r\u0103 dob\u00e2nd\u0103!<\/em>)?<\/p>\n\n\n\n<p>Pentru a cump\u0103ra cu cardul \u00een rate f\u0103r\u0103 dob\u00e2nd\u0103 trebuie s\u0103 urmezi urm\u0103torii pa\u0219i:<\/p>\n\n\n\n<ul class=\"wp-block-list\"><li><strong>Pasul 1<\/strong>:&nbsp; completezi toate datele \u0219i finalizezi comanda din co\u0219ul de cump\u0103r\u0103turi, aleg\u00e2nd ca \u0219i modalitate de plat\u0103: Plata online cu cardul<\/li><li><strong>Pasul 2<\/strong>: \u00een pagina procesatorului de pl\u0103\u021bi, MobilPay, liderul pl\u0103\u021bilor online din Rom\u00e2nia, introduci num\u0103rul cardului cu care dore\u0219ti s\u0103 achi\u021bi valoarea total\u0103. \u00cen functie de cardul utilizat \u0219i programul de rate disponibil, vei putea alege num\u0103rul de rate;<\/li><li><strong>Pasul 3<\/strong>: ape\u0219i butonul \u201ePl\u0103teste\u201d.<\/li><\/ul>\n","protected":false},"excerpt":{"rendered":"<p>Este&nbsp;facil&nbsp;s\u0103 pl\u0103te\u0219ti pe Visuel.ro\/beautyacademy\/. Pentru produsele achizi\u021bionate din magazinul t\u0103u preferat de produse cosmetice profesionale ai la dispozi\u021bie urm\u0103toarele modalit\u0103\u021bi de plat\u0103: 1) plat\u0103 \u00een numerar\/ramburs, la livrarea coletului;2) plat\u0103 online prin card bancar cu ajutorul procesatorului de pl\u0103ti&nbsp;MobilPay3) plata \u00een rate prin card bancar dac\u0103 de\u021bine\u021bi unul din cele 4 modele de carduri de mai jos.4) Plata prin OP \u2013 virament bancar PLATA \u00ceN RATE (f\u0103r\u0103 dob\u00e2nd\u0103!) \u0218tim c\u0103 de cele mai multe ori \u00ee\u021bi mai lipsesc c\u00e2\u021biva lei \u0219i po\u021bi s\u0103 cumperi produsele cosmetice profesionale pe care \u021bi le dore\u0219ti.\u00cen acest sens, am hot\u0103r\u00e2t s\u0103 oferim posibilitatea de a achita cump\u0103r\u0103turile din magazinul t\u0103u de cosmetice profesionale,&nbsp;Visuel.ro, \u00een rate F\u0102R\u0102 DOB\u00c2ND\u0102. Plata cu cardul \u00een rate fara dob\u00e2nd\u0103 este valabil\u0103 pentu posesorii cardurilor emise de: Credit Europe Bank Banca Transilvania Garanti Bank Alpha Bank CUM PL\u0102TE\u0218TI \u00ceN \u00ceN RATE (f\u0103r\u0103 dob\u00e2nd\u0103!)? Pentru a cump\u0103ra cu cardul \u00een rate f\u0103r\u0103 dob\u00e2nd\u0103 trebuie s\u0103 urmezi urm\u0103torii pa\u0219i: Pasul 1:&nbsp; completezi toate datele \u0219i finalizezi comanda din co\u0219ul de cump\u0103r\u0103turi, aleg\u00e2nd ca \u0219i modalitate de plat\u0103: Plata online cu cardul Pasul 2: \u00een pagina procesatorului de pl\u0103\u021bi, MobilPay, liderul pl\u0103\u021bilor online din Rom\u00e2nia, introduci num\u0103rul cardului cu care dore\u0219ti s\u0103 achi\u021bi valoarea total\u0103. \u00cen functie de cardul utilizat \u0219i programul de rate disponibil, vei putea alege num\u0103rul de rate; Pasul 3: ape\u0219i butonul \u201ePl\u0103teste\u201d.<\/p>\n","protected":false},"author":1,"featured_media":0,"parent":0,"menu_order":0,"comment_status":"closed","ping_status":"closed","template":"","meta":{"pmpro_default_level":0,"footnotes":""},"class_list":["post-4558","page","type-page","status-publish","hentry","pmpro-has-access","post-no-thumbnail"],"_links":{"self":[{"href":"https:\/\/www.visuel.ro\/beautyacademy\/wp-json\/wp\/v2\/pages\/4558","targetHints":{"allow":["GET"]}}],"collection":[{"href":"https:\/\/www.visuel.ro\/beautyacademy\/wp-json\/wp\/v2\/pages"}],"about":[{"href":"https:\/\/www.visuel.ro\/beautyacademy\/wp-json\/wp\/v2\/types\/page"}],"author":[{"embeddable":true,"href":"https:\/\/www.visuel.ro\/beautyacademy\/wp-json\/wp\/v2\/users\/1"}],"replies":[{"embeddable":true,"href":"https:\/\/www.visuel.ro\/beautyacademy\/wp-json\/wp\/v2\/comments?post=4558"}],"version-history":[{"count":0,"href":"https:\/\/www.visuel.ro\/beautyacademy\/wp-json\/wp\/v2\/pages\/4558\/revisions"}],"wp:attachment":[{"href":"https:\/\/www.visuel.ro\/beautyacademy\/wp-json\/wp\/v2\/media?parent=4558"}],"curies":[{"name":"wp","href":"https:\/\/api.w.org\/{rel}","templated":true}]}}