{"id":4556,"date":"2021-02-01T23:21:47","date_gmt":"2021-02-01T23:21:47","guid":{"rendered":"https:\/\/www.visuel.ro\/beautyacademy\/?page_id=4556"},"modified":"2021-02-01T23:21:55","modified_gmt":"2021-02-01T23:21:55","slug":"politica-cookies","status":"publish","type":"page","link":"https:\/\/www.visuel.ro\/beautyacademy\/politica-cookies\/","title":{"rendered":"Politica Cookies"},"content":{"rendered":"\n<p>Preambul.<\/p>\n\n\n\n<p>Acest document face referire la politica privind utilizarea cookie-urilor si a paginilor web operate de s.c. Professional Beauy World s.r.l. cu sediul social in Arad, str. Unirii nr. 16, judet Arad, denumita in continuare visuel.ro\/beautyacademy<\/p>\n\n\n\n<p>Conform cerin\u0163elor Legii nr. 677\/2001 pentru protec\u0163ia persoanelor cu privire la prelucrarea datelor cu caracter personal \u015fi libera circula\u0163ie a acestor date, modificat\u0103 \u015fi completat\u0103 \u015fi ale Legii nr. 506\/2004 privind prelucrarea datelor cu caracter personal \u015fi protec\u0163ia vie\u0163ii private \u00een sectorul comunica\u0163iilor electronice, site-ul Visuel.ro\/beautyacademy administrat de s.c. Professional Beauty World s.r.l., are obliga\u0163ia de a administra \u00een condi\u0163ii de siguran\u0163\u0103 \u015fi numai pentru scopurile specificate, datele personale pe care ni le furniza\u0163i despre dumneavoastr\u0103, un membru al familiei dumneavoastr\u0103 ori o alt\u0103 persoan\u0103. Un \u201cInternet Cookie\u201d (termen cunoscut \u0219i ca \u201cbrowser cookie\u201d sau \u201cHTTP cookie\u201d sau pur \u0219i simplu\u201ccookie\u201d) este un fi\u0219ier de mici dimensiuni, format din litere \u0219i numere, care va fi stocat pe computerul, terminalul mobil sau alte echipamente ale unui utilizator de pe care se acceseaz\u0103 Internetul. Cookie-ul este instalat prin solicitarea emis\u0103 de c\u0103tre un web-server unui browser (ex: Safari, Internet Explorer, Mozilla Firefox, Opera, Chrome etc.) \u0219i este complet \u201cpasiv\u201d (nu con\u021bine programe software, viru\u0219i sau spyware \u0219i nu poate accesa informa\u021biile de pe hard-disk-ul utilizatorului). Trebuie re\u021binut faptul c\u0103 Cookies nu sunt virusi, acestea folosind formate tip plain text. Nu sunt alcatuite din bucati de cod asa ca nu pot fi executate nici nu pot auto-rula. In consecinta, nu se pot duplica sau replica pe alte retele pentru a se rula sau replica din nou. Deoarece nu pot indeplini aceste functii, nu pot fi considerate virusi. Un cookie este format din 2 p\u0103r\u021bi: numele \u0219i continutul sau valoarea cookie-ului. Mai mult, durata de existen\u021b\u0103 a unui cookie este determinat\u0103; tehnic, doar webserverul care a trimis cookie-ul \u00eel poate accesa din nou \u00een momentul \u00een care un utilizator se \u00eentoarce pe website-ul asociat webserverului respectiv.<\/p>\n\n\n\n<p>Folosim doua tipuri de Cookie-uri: JSESSIONID (per sesiune) si fixe (aferente produselor Google sau Microsoft). Primul tip de cookies este un cookie de sesiune, generat automat, care este utilizat pentru managementul aplica\u021biilor web (protocol HTTP, completarea online&nbsp;<em>a notific\u0103rii, accesarea registrului online al notific\u0103rilor<\/em>). Acest cookie se \u0219terge automat la \u00eenchiderea browserului.<\/p>\n\n\n\n<p>Tipul informatiilor colectate Cele din urma sunt fisiere temporare ce raman in terminalul utilizatorului pana la terminarea sesiunii sau inchiderea aplicatiei (browser-ului web).Fisierele fixe raman pe terminalul utilizatorului pe o perioada in parametrii Cookie-ului sau pana sunt sterse manual de utilizator. Tipologia ra\u021bionamentului de folosire a cookies este dat de urm\u0103toarele scenarii: Cookie-uri de performanta a site-ului Cookie-uri de analiza a vizitatorilor Cookie-uri pentru geotargetting Cookie-uri de inregistrare Cookie-uri pentru publicitate Cookie-uri ale furnizorilor de publicitate<\/p>\n\n\n\n<p>Pericole utilizare cookies referitor la \u2018Informatiile cu caracter privat\u2019 . Cookie-urile in sine nu solicita informatii cu caaracter personal pentru a putea fi utilizate si, in cele mai multe cazuri, nu identifica personal utilizatorii de internet. Datele personale colectate prin utilizarea Cookie-urilor pot fi colectate doar pentru a facilita anumite functionalitati pentru utilizator. Atare date sunt criptate intr-un mod care face imposibil accesul persoanelor neautorizate la ele. Aten\u021bie, cookies pot fi totusi folosite pentru scopuri negative, deoarece stocheaza informatii despre preferintele si istoricul de navigare al utilizatorilor, atat pe un anume website-uri cat si pe mai multe alte website-uri, cookieurile pot fi folosite ca o forma de \u201dSpyware\u201d. Multe produse anti-spyware sunt constiente de acest fapt si in mod constant archeaza cookie-urile pentru a fi sterse in cadrul procedurilor de stergere\/scanare anti-virus\/anti-spyware. In general browserele au integrate setari de confidentialitate care furnizeaza diferite nivele de acceptare a ookieurilor, perioada de valabilitate si stergere automata dupa ce utilizatorul a vizitat un anumit site. Alte aspecte de securitate legate de cookie-uri fac referire la protectia identitatii este foarte valoroasa si reprezinta dreptul fiecarui utilizator de internet, este indicat sa se stie ce eventuale probleme pot crea cookies. Pentru ca prin intermediul lor se transmit in mod constant in ambele sensuri informatii intre browser si website, daca un atacator sau persoana neautorizata intervine in parcursul de transmitere a datelor, informatiile continute de cookies pot fi interceptate. Desi foarte rar, acest lucru se poate intampla daca browserul se conecteaza la server folosind o retea necriptata (ex.: o retea WiFi nesecurizata). Alte atacuri bazate pe cookie implica setari gresite ale cookieurilor pe servere. Daca un website nu solicita browserului sa foloseasca doar canale criptate, atacatorii pot folosi aceasta vulnerabilitate pentru a pacali browserele in a trimite informatii prin intermediul canalelor nesecurizate. Atacatorii utilizeaza apoi informatiile in scopuri de a accesa neautorizat anumite website-uri. Este foarte important sa fiti atenti in alegerea metodei celei mai potrivite de protectie a informatiilor personale.<\/p>\n\n\n\n<p>Utilizatorii \u00ee\u0219i pot configura browserul s\u0103 resping\u0103 fi\u0219ierele cookie. Dezactivarea \u0219i refuzul de a primi cookie-uri pot face anumite sec\u021biuni \/ pagini impracticabile sau dificil de vizitat \u0219i folosit (de exemplu: completarea online a notific\u0103rii \/ registrul online al notific\u0103rilor \/ difuzarea clipului de informare public\u0103, etc.). Mai multe informa\u021bii despre cookie-uri pute\u021bi g\u0103si pe site-ul www.allaboutcookies.org sau http:\/\/www.youronlinechoices.com\/ro.<\/p>\n\n\n\n<p><strong>Cum pot fi oprite cookie-urile?<\/strong><\/p>\n\n\n\n<p>Este posibila setarea din browser pentru ca aceste cookie-uri sa nu mai fie acceptate sau browser-ul poate fi setat astfel incat sa accepte cookie-uri de la un site anume.<\/p>\n\n\n\n<p>Toate browserele moderne ofera posibilitatea de a schimba setarile cookie-urilor. Accesati optiunea \u201eajutor\u201d a browserului pentru mai multe detalii.<\/p>\n\n\n\n<p>Pentru a intelege aceste setari, puteti consulta urmatoarele URL-uri:<\/p>\n\n\n\n<ul class=\"wp-block-list\"><li><a href=\"https:\/\/support.google.com\/accounts\/answer\/61416?hl=ro\" target=\"_blank\" rel=\"noreferrer noopener\">Setari cookie-uri Chrome<\/a><\/li><li><a href=\"https:\/\/support.mozilla.org\/ro\/kb\/activarea-si-dezactivarea-cookie-urilor\" target=\"_blank\" rel=\"noreferrer noopener\">Setari cookie-uri Mozilla Firefox<\/a><\/li><li><a href=\"https:\/\/support.apple.com\/kb\/PH17191?viewlocale=ro_RO&amp;locale=en_US\" target=\"_blank\" rel=\"noreferrer noopener\">Setari cookie-uri Safari<\/a><\/li><li><a href=\"http:\/\/windows.microsoft.com\/ro-ro\/internet-explorer\/delete-manage-cookies#ie=ie-11\" target=\"_blank\" rel=\"noreferrer noopener\">Setari cookie-uri Internet Explorer<\/a><\/li><li><a href=\"http:\/\/www.opera.com\/blogs\/news\/2015\/08\/how-to-manage-cookies-in-opera\/\" target=\"_blank\" rel=\"noreferrer noopener\">Setari cookie-uri Opera<\/a><\/li><\/ul>\n\n\n\n<p>Pentru setarile cookie-urilor generate de terti, puteti consulta si site-ul:<br><a href=\"http:\/\/www.youronlinechoices.com\/ro\/\" target=\"_blank\" rel=\"noreferrer noopener\">http:\/\/www.youronlinechoices.com\/ro\/<\/a><\/p>\n\n\n\n<p>Daca doriti sa aflati mai multe informatii despre cookie-uri si utilizarea lor, puteti accesa website-ul oficial al Uniunii Europene privind cookie-urile la adresa:<br><a href=\"http:\/\/ec.europa.eu\/cookies\/index_ro.htm\" target=\"_blank\" rel=\"noreferrer noopener\">http:\/\/ec.europa.eu\/cookies\/index_ro.htm<\/a><\/p>\n","protected":false},"excerpt":{"rendered":"<p>Preambul. Acest document face referire la politica privind utilizarea cookie-urilor si a paginilor web operate de s.c. Professional Beauy World s.r.l. cu sediul social in Arad, str. Unirii nr. 16, judet Arad, denumita in continuare visuel.ro\/beautyacademy Conform cerin\u0163elor Legii nr. 677\/2001 pentru protec\u0163ia persoanelor cu privire la prelucrarea datelor cu caracter personal \u015fi libera circula\u0163ie a acestor date, modificat\u0103 \u015fi completat\u0103 \u015fi ale Legii nr. 506\/2004 privind prelucrarea datelor cu caracter personal \u015fi protec\u0163ia vie\u0163ii private \u00een sectorul comunica\u0163iilor electronice, site-ul Visuel.ro\/beautyacademy administrat de s.c. Professional Beauty World s.r.l., are obliga\u0163ia de a administra \u00een condi\u0163ii de siguran\u0163\u0103 \u015fi numai pentru scopurile specificate, datele personale pe care ni le furniza\u0163i despre dumneavoastr\u0103, un membru al familiei dumneavoastr\u0103 ori o alt\u0103 persoan\u0103. Un \u201cInternet Cookie\u201d (termen cunoscut \u0219i ca \u201cbrowser cookie\u201d sau \u201cHTTP cookie\u201d sau pur \u0219i simplu\u201ccookie\u201d) este un fi\u0219ier de mici dimensiuni, format din litere \u0219i numere, care va fi stocat pe computerul, terminalul mobil sau alte echipamente ale unui utilizator de pe care se acceseaz\u0103 Internetul. Cookie-ul este instalat prin solicitarea emis\u0103 de c\u0103tre un web-server unui browser (ex: Safari, Internet Explorer, Mozilla Firefox, Opera, Chrome etc.) \u0219i este complet \u201cpasiv\u201d (nu con\u021bine programe software, viru\u0219i sau spyware \u0219i nu poate accesa informa\u021biile de pe hard-disk-ul utilizatorului). Trebuie re\u021binut faptul c\u0103 Cookies nu sunt virusi, acestea folosind formate tip plain text. Nu sunt alcatuite din bucati de cod asa ca nu pot fi executate nici nu pot auto-rula. In consecinta, nu se pot duplica sau replica pe alte retele pentru a se rula sau replica din nou. Deoarece nu pot indeplini aceste functii, nu pot fi considerate virusi. Un cookie este format din 2 p\u0103r\u021bi: numele \u0219i continutul sau valoarea cookie-ului. Mai mult, durata de existen\u021b\u0103 a unui cookie este determinat\u0103; tehnic, doar webserverul care a trimis cookie-ul \u00eel poate accesa din nou \u00een momentul \u00een care un utilizator se \u00eentoarce pe website-ul asociat webserverului respectiv. Folosim doua tipuri de Cookie-uri: JSESSIONID (per sesiune) si fixe (aferente produselor Google sau Microsoft). Primul tip de cookies este un cookie de sesiune, generat automat, care este utilizat pentru managementul aplica\u021biilor web (protocol HTTP, completarea online&nbsp;a notific\u0103rii, accesarea registrului online al notific\u0103rilor). Acest cookie se \u0219terge automat la \u00eenchiderea browserului. Tipul informatiilor colectate Cele din urma sunt fisiere temporare ce raman in terminalul utilizatorului pana la terminarea sesiunii sau inchiderea aplicatiei (browser-ului web).Fisierele fixe raman pe terminalul utilizatorului pe o perioada in parametrii Cookie-ului sau pana sunt sterse manual de utilizator. Tipologia ra\u021bionamentului de folosire a cookies este dat de urm\u0103toarele scenarii: Cookie-uri de performanta a site-ului Cookie-uri de analiza a vizitatorilor Cookie-uri pentru geotargetting Cookie-uri de inregistrare Cookie-uri pentru publicitate Cookie-uri ale furnizorilor de publicitate Pericole utilizare cookies referitor la \u2018Informatiile cu caracter privat\u2019 . Cookie-urile in sine nu solicita informatii cu caaracter personal pentru a putea fi utilizate si, in cele mai multe cazuri, nu identifica personal utilizatorii de internet. Datele personale colectate prin utilizarea Cookie-urilor pot fi colectate doar pentru a facilita anumite functionalitati pentru utilizator. Atare date sunt criptate intr-un mod care face imposibil accesul persoanelor neautorizate la ele. Aten\u021bie, cookies pot fi totusi folosite pentru scopuri negative, deoarece stocheaza informatii despre preferintele si istoricul de navigare al utilizatorilor, atat pe un anume website-uri cat si pe mai multe alte website-uri, cookieurile pot fi folosite ca o forma de \u201dSpyware\u201d. Multe produse anti-spyware sunt constiente de acest fapt si in mod constant archeaza cookie-urile pentru a fi sterse in cadrul procedurilor de stergere\/scanare anti-virus\/anti-spyware. In general browserele au integrate setari de confidentialitate care furnizeaza diferite nivele de acceptare a ookieurilor, perioada de valabilitate si stergere automata dupa ce utilizatorul a vizitat un anumit site. Alte aspecte de securitate legate de cookie-uri fac referire la protectia identitatii este foarte valoroasa si reprezinta dreptul fiecarui utilizator de internet, este indicat sa se stie ce eventuale probleme pot crea cookies. Pentru ca prin intermediul lor se transmit in mod constant in ambele sensuri informatii intre browser si website, daca un atacator sau persoana neautorizata intervine in parcursul de transmitere a datelor, informatiile continute de cookies pot fi interceptate. Desi foarte rar, acest lucru se poate intampla daca browserul se conecteaza la server folosind o retea necriptata (ex.: o retea WiFi nesecurizata). Alte atacuri bazate pe cookie implica setari gresite ale cookieurilor pe servere. Daca un website nu solicita browserului sa foloseasca doar canale criptate, atacatorii pot folosi aceasta vulnerabilitate pentru a pacali browserele in a trimite informatii prin intermediul canalelor nesecurizate. Atacatorii utilizeaza apoi informatiile in scopuri de a accesa neautorizat anumite website-uri. Este foarte important sa fiti atenti in alegerea metodei celei mai potrivite de protectie a informatiilor personale. Utilizatorii \u00ee\u0219i pot configura browserul s\u0103 resping\u0103 fi\u0219ierele cookie. Dezactivarea \u0219i refuzul de a primi cookie-uri pot face anumite sec\u021biuni \/ pagini impracticabile sau dificil de vizitat \u0219i folosit (de exemplu: completarea online a notific\u0103rii \/ registrul online al notific\u0103rilor \/ difuzarea clipului de informare public\u0103, etc.). Mai multe informa\u021bii despre cookie-uri pute\u021bi g\u0103si pe site-ul www.allaboutcookies.org sau http:\/\/www.youronlinechoices.com\/ro. Cum pot fi oprite cookie-urile? Este posibila setarea din browser pentru ca aceste cookie-uri sa nu mai fie acceptate sau browser-ul poate fi setat astfel incat sa accepte cookie-uri de la un site anume. Toate browserele moderne ofera posibilitatea de a schimba setarile cookie-urilor. Accesati optiunea \u201eajutor\u201d a browserului pentru mai multe detalii. Pentru a intelege aceste setari, puteti consulta urmatoarele URL-uri: Setari cookie-uri Chrome Setari cookie-uri Mozilla Firefox Setari cookie-uri Safari Setari cookie-uri Internet Explorer Setari cookie-uri Opera Pentru setarile cookie-urilor generate de terti, puteti consulta si site-ul:http:\/\/www.youronlinechoices.com\/ro\/ Daca doriti sa aflati mai multe informatii despre cookie-uri si utilizarea lor, puteti accesa website-ul oficial al Uniunii Europene privind cookie-urile la adresa:http:\/\/ec.europa.eu\/cookies\/index_ro.htm<\/p>\n","protected":false},"author":1,"featured_media":0,"parent":0,"menu_order":0,"comment_status":"closed","ping_status":"closed","template":"","meta":{"pmpro_default_level":0,"footnotes":""},"class_list":["post-4556","page","type-page","status-publish","hentry","pmpro-has-access","post-no-thumbnail"],"_links":{"self":[{"href":"https:\/\/www.visuel.ro\/beautyacademy\/wp-json\/wp\/v2\/pages\/4556","targetHints":{"allow":["GET"]}}],"collection":[{"href":"https:\/\/www.visuel.ro\/beautyacademy\/wp-json\/wp\/v2\/pages"}],"about":[{"href":"https:\/\/www.visuel.ro\/beautyacademy\/wp-json\/wp\/v2\/types\/page"}],"author":[{"embeddable":true,"href":"https:\/\/www.visuel.ro\/beautyacademy\/wp-json\/wp\/v2\/users\/1"}],"replies":[{"embeddable":true,"href":"https:\/\/www.visuel.ro\/beautyacademy\/wp-json\/wp\/v2\/comments?post=4556"}],"version-history":[{"count":0,"href":"https:\/\/www.visuel.ro\/beautyacademy\/wp-json\/wp\/v2\/pages\/4556\/revisions"}],"wp:attachment":[{"href":"https:\/\/www.visuel.ro\/beautyacademy\/wp-json\/wp\/v2\/media?parent=4556"}],"curies":[{"name":"wp","href":"https:\/\/api.w.org\/{rel}","templated":true}]}}